{"id":1451,"date":"2023-07-27T22:06:09","date_gmt":"2023-07-28T01:06:09","guid":{"rendered":"https:\/\/nashaculturaeslava.com\/nashacultura\/?page_id=1451"},"modified":"2024-06-11T12:01:43","modified_gmt":"2024-06-11T15:01:43","slug":"audios_start1","status":"publish","type":"page","link":"https:\/\/nashaculturaeslava.com\/nashacultura\/audios_start1\/","title":{"rendered":"Audios &#8211; Start 1"},"content":{"rendered":"<div class=\"swpm-post-not-logged-in-msg\">You need to be logged in to view this content. Por favor <a class=\"swpm-login-link\" href=\"https:\/\/nashaculturaeslava.com\/nashacultura\/membership-login\/\">Log In<\/a>. N\u00e3o \u00e9 um membro? <a href=\"https:\/\/culturaeslava.com\/home\/#matricula\">Junte-se a n\u00f3s<\/a><\/div>","protected":false},"excerpt":{"rendered":"<p>You need to be logged in to view this content. Por favor Log In. N\u00e3o \u00e9 um membro? Junte-se a n\u00f3s<\/p>\n","protected":false},"author":1,"featured_media":0,"parent":0,"menu_order":0,"comment_status":"closed","ping_status":"closed","template":"","meta":{"footnotes":""},"class_list":["post-1451","page","type-page","status-publish","hentry","no-featured"],"_links":{"self":[{"href":"https:\/\/nashaculturaeslava.com\/nashacultura\/wp-json\/wp\/v2\/pages\/1451","targetHints":{"allow":["GET"]}}],"collection":[{"href":"https:\/\/nashaculturaeslava.com\/nashacultura\/wp-json\/wp\/v2\/pages"}],"about":[{"href":"https:\/\/nashaculturaeslava.com\/nashacultura\/wp-json\/wp\/v2\/types\/page"}],"author":[{"embeddable":true,"href":"https:\/\/nashaculturaeslava.com\/nashacultura\/wp-json\/wp\/v2\/users\/1"}],"replies":[{"embeddable":true,"href":"https:\/\/nashaculturaeslava.com\/nashacultura\/wp-json\/wp\/v2\/comments?post=1451"}],"version-history":[{"count":9,"href":"https:\/\/nashaculturaeslava.com\/nashacultura\/wp-json\/wp\/v2\/pages\/1451\/revisions"}],"predecessor-version":[{"id":2241,"href":"https:\/\/nashaculturaeslava.com\/nashacultura\/wp-json\/wp\/v2\/pages\/1451\/revisions\/2241"}],"wp:attachment":[{"href":"https:\/\/nashaculturaeslava.com\/nashacultura\/wp-json\/wp\/v2\/media?parent=1451"}],"curies":[{"name":"wp","href":"https:\/\/api.w.org\/{rel}","templated":true}]}}