{"id":1755,"date":"2024-06-25T12:14:05","date_gmt":"2024-06-25T15:14:05","guid":{"rendered":"https:\/\/nashaculturaeslava.com\/nashacultura\/?page_id=1755"},"modified":"2025-03-07T21:56:10","modified_gmt":"2025-03-08T00:56:10","slug":"doacoes","status":"publish","type":"page","link":"https:\/\/nashaculturaeslava.com\/nashacultura\/doacoes\/","title":{"rendered":"Doa\u00e7\u00f5es &#8211; Cultura Eslava"},"content":{"rendered":"<section class=\"wpb-content-wrapper\">[vc_row][vc_column]\t\t<div  class=\"noo-title \"  >\n\t\t\t<div class=\"center\">\n\t\t\t\t<h3 class=\"title\">\u0414\u041e\u041d\u0410\u0422\u042b<\/h3>\t\t\t\t\t\t\t<\/div>\n\t\t\t\n\t\t<\/div>\n\t\t[vc_column_text]\n<h3 style=\"text-align: center;\"><strong>\u00c1rea para aqueles que querem fazer uma doa\u00e7\u00e3o para o Centro de Cultura\u00a0Eslava.<\/strong><\/h3>\n<h3 style=\"text-align: center;\"><em>\u041f\u043b\u043e\u0449\u0430\u0434\u043a\u0430 \u0434\u043b\u044f \u0436\u0435\u043b\u0430\u044e\u0449\u0438\u0445 \u0441\u0434\u0435\u043b\u0430\u0442\u044c \u0434\u043e\u043d\u0430\u0442 \u0426\u0435\u043d\u0442\u0440\u0443 \u0421\u043b\u0430\u0432\u044f\u043d\u0441\u043a\u043e\u0439 \u041a\u0443\u043b\u044c\u0442\u0443\u0440\u044b.<\/em><\/h3>\n[\/vc_column_text][vc_empty_space][vc_single_image image=&#8221;2631&#8243; img_size=&#8221;full&#8221; alignment=&#8221;center&#8221; css=&#8221;.vc_custom_1719333393058{background-color: #487cbf !important;}&#8221;][vc_empty_space][vc_column_text]<a href=\"https:\/\/docs.google.com\/forms\/d\/e\/1FAIpQLSen0HGX8y8737AAJm3vcvmsLJYRmOCY_2rzM2jQYCd-ap4YoA\/viewform?usp=sf_link\" target=\"_blank\" rel=\"noopener\"><img loading=\"lazy\" decoding=\"async\" class=\"aligncenter wp-image-2622\" src=\"https:\/\/nashaculturaeslava.com\/nashacultura\/wp-content\/uploads\/2024\/06\/botao_doacaopix-1024x169.png\" alt=\"\" width=\"605\" height=\"100\" srcset=\"https:\/\/nashaculturaeslava.com\/nashacultura\/wp-content\/uploads\/2024\/06\/botao_doacaopix-1024x169.png 1024w, https:\/\/nashaculturaeslava.com\/nashacultura\/wp-content\/uploads\/2024\/06\/botao_doacaopix-300x50.png 300w, https:\/\/nashaculturaeslava.com\/nashacultura\/wp-content\/uploads\/2024\/06\/botao_doacaopix-768x127.png 768w, https:\/\/nashaculturaeslava.com\/nashacultura\/wp-content\/uploads\/2024\/06\/botao_doacaopix-1536x254.png 1536w, https:\/\/nashaculturaeslava.com\/nashacultura\/wp-content\/uploads\/2024\/06\/botao_doacaopix.png 1723w\" sizes=\"auto, (max-width: 605px) 100vw, 605px\" \/><\/a>[\/vc_column_text][vc_column_text]\n<p data-wp-editing=\"1\"><a href=\"https:\/\/docs.google.com\/forms\/d\/e\/1FAIpQLSfPmKLPKHRw6xumtK6-ocvxvxNXotYuf5hRQ5MnYplrlThwow\/viewform?usp=sf_link\" target=\"_blank\" rel=\"noopener\"><img loading=\"lazy\" decoding=\"async\" class=\"aligncenter wp-image-2623\" src=\"https:\/\/nashaculturaeslava.com\/nashacultura\/wp-content\/uploads\/2024\/06\/botao_doacaorublosescolares.png\" alt=\"\" width=\"890\" height=\"100\" srcset=\"https:\/\/nashaculturaeslava.com\/nashacultura\/wp-content\/uploads\/2024\/06\/botao_doacaorublosescolares.png 2322w, https:\/\/nashaculturaeslava.com\/nashacultura\/wp-content\/uploads\/2024\/06\/botao_doacaorublosescolares-300x34.png 300w, https:\/\/nashaculturaeslava.com\/nashacultura\/wp-content\/uploads\/2024\/06\/botao_doacaorublosescolares-1024x115.png 1024w, https:\/\/nashaculturaeslava.com\/nashacultura\/wp-content\/uploads\/2024\/06\/botao_doacaorublosescolares-768x86.png 768w, https:\/\/nashaculturaeslava.com\/nashacultura\/wp-content\/uploads\/2024\/06\/botao_doacaorublosescolares-1536x173.png 1536w, https:\/\/nashaculturaeslava.com\/nashacultura\/wp-content\/uploads\/2024\/06\/botao_doacaorublosescolares-2048x230.png 2048w\" sizes=\"auto, (max-width: 890px) 100vw, 890px\" \/><\/a><\/p>\n[\/vc_column_text][vc_single_image image=&#8221;2821&#8243; img_size=&#8221;full&#8221; alignment=&#8221;center&#8221; css=&#8221;.vc_custom_1741395364762{padding-top: 20px !important;padding-bottom: 20px !important;}&#8221;][\/vc_column][vc_column][vc_empty_space height=&#8221;60px&#8221;][vc_empty_space height=&#8221;60px&#8221;]\t\t<div  class=\"noo-title \"  >\n\t\t\t<div class=\"center\">\n\t\t\t\t<h3 class=\"title\">\u041d\u0430\u0448\u0438 \u0434\u043e\u043d\u0430\u0442\u043e\u0440\u044b<\/h3>\t\t\t\t\t\t\t<\/div>\n\t\t\t\n\t\t<\/div>\n\t\t[\/vc_column][\/vc_row][vc_row][vc_column width=&#8221;1\/4&#8243;][vc_column_text]<img loading=\"lazy\" decoding=\"async\" class=\"aligncenter wp-image-2634 size-medium\" src=\"https:\/\/nashaculturaeslava.com\/nashacultura\/wp-content\/uploads\/2024\/06\/moldura_doadores_j-300x300.png\" alt=\"\" width=\"300\" height=\"300\" srcset=\"https:\/\/nashaculturaeslava.com\/nashacultura\/wp-content\/uploads\/2024\/06\/moldura_doadores_j-300x300.png 300w, https:\/\/nashaculturaeslava.com\/nashacultura\/wp-content\/uploads\/2024\/06\/moldura_doadores_j-150x150.png 150w, https:\/\/nashaculturaeslava.com\/nashacultura\/wp-content\/uploads\/2024\/06\/moldura_doadores_j-768x768.png 768w, https:\/\/nashaculturaeslava.com\/nashacultura\/wp-content\/uploads\/2024\/06\/moldura_doadores_j.png 833w\" sizes=\"auto, (max-width: 300px) 100vw, 300px\" \/><\/p>\n<h4 style=\"text-align: center;\">\u0416\u0443\u043b\u0438\u044f \u041a\u0448\u0435\u043a<\/h4>\n[\/vc_column_text][\/vc_column][vc_column width=&#8221;1\/4&#8243;][\/vc_column][vc_column width=&#8221;1\/4&#8243;][\/vc_column][vc_column width=&#8221;1\/4&#8243;][\/vc_column][\/vc_row][vc_row][vc_column][\/vc_column][\/vc_row]\n<\/section>","protected":false},"excerpt":{"rendered":"<p>[vc_row][vc_column][vc_column_text] \u00c1rea para aqueles que querem fazer uma doa\u00e7\u00e3o para o Centro de Cultura\u00a0Eslava. \u041f\u043b\u043e\u0449\u0430\u0434\u043a\u0430 \u0434\u043b\u044f \u0436\u0435\u043b\u0430\u044e\u0449\u0438\u0445 \u0441\u0434\u0435\u043b\u0430\u0442\u044c \u0434\u043e\u043d\u0430\u0442 \u0426\u0435\u043d\u0442\u0440\u0443 \u0421\u043b\u0430\u0432\u044f\u043d\u0441\u043a\u043e\u0439 \u041a\u0443\u043b\u044c\u0442\u0443\u0440\u044b. [\/vc_column_text][vc_empty_space][vc_single_image image=&#8221;2631&#8243; img_size=&#8221;full&#8221; alignment=&#8221;center&#8221; css=&#8221;.vc_custom_1719333393058{background-color: #487cbf !important;}&#8221;][vc_empty_space][vc_column_text][\/vc_column_text][vc_column_text] [\/vc_column_text][vc_single_image image=&#8221;2821&#8243; img_size=&#8221;full&#8221; alignment=&#8221;center&#8221; css=&#8221;.vc_custom_1741395364762{padding-top: 20px !important;padding-bottom: 20px !important;}&#8221;][\/vc_column][vc_column][vc_empty_space height=&#8221;60px&#8221;][vc_empty_space height=&#8221;60px&#8221;][\/vc_column][\/vc_row][vc_row][vc_column width=&#8221;1\/4&#8243;][vc_column_text] \u0416\u0443\u043b\u0438\u044f \u041a\u0448\u0435\u043a [\/vc_column_text][\/vc_column][vc_column width=&#8221;1\/4&#8243;][\/vc_column][vc_column width=&#8221;1\/4&#8243;][\/vc_column][vc_column width=&#8221;1\/4&#8243;][\/vc_column][\/vc_row][vc_row][vc_column][\/vc_column][\/vc_row]<\/p>\n","protected":false},"author":1,"featured_media":0,"parent":0,"menu_order":0,"comment_status":"closed","ping_status":"closed","template":"","meta":{"footnotes":""},"class_list":["post-1755","page","type-page","status-publish","hentry","no-featured"],"_links":{"self":[{"href":"https:\/\/nashaculturaeslava.com\/nashacultura\/wp-json\/wp\/v2\/pages\/1755","targetHints":{"allow":["GET"]}}],"collection":[{"href":"https:\/\/nashaculturaeslava.com\/nashacultura\/wp-json\/wp\/v2\/pages"}],"about":[{"href":"https:\/\/nashaculturaeslava.com\/nashacultura\/wp-json\/wp\/v2\/types\/page"}],"author":[{"embeddable":true,"href":"https:\/\/nashaculturaeslava.com\/nashacultura\/wp-json\/wp\/v2\/users\/1"}],"replies":[{"embeddable":true,"href":"https:\/\/nashaculturaeslava.com\/nashacultura\/wp-json\/wp\/v2\/comments?post=1755"}],"version-history":[{"count":21,"href":"https:\/\/nashaculturaeslava.com\/nashacultura\/wp-json\/wp\/v2\/pages\/1755\/revisions"}],"predecessor-version":[{"id":2822,"href":"https:\/\/nashaculturaeslava.com\/nashacultura\/wp-json\/wp\/v2\/pages\/1755\/revisions\/2822"}],"wp:attachment":[{"href":"https:\/\/nashaculturaeslava.com\/nashacultura\/wp-json\/wp\/v2\/media?parent=1755"}],"curies":[{"name":"wp","href":"https:\/\/api.w.org\/{rel}","templated":true}]}}