{"id":2053,"date":"2024-06-20T15:27:32","date_gmt":"2024-06-20T18:27:32","guid":{"rendered":"https:\/\/nashaculturaeslava.com\/nashacultura\/?page_id=2053"},"modified":"2024-06-20T15:27:32","modified_gmt":"2024-06-20T18:27:32","slug":"%d0%bf%d1%80%d0%b8%d0%b1%d1%8b%d1%82%d0%b8%d0%b5-%d0%ba%d0%bd%d0%b8%d0%b3%d0%b8-%d0%b2-%d0%ba%d0%b0%d0%b7%d0%b0%d0%bd%d0%b8-a-chegada-do-livro-em-kazan","status":"publish","type":"page","link":"https:\/\/nashaculturaeslava.com\/nashacultura\/%d0%bf%d1%80%d0%b8%d0%b1%d1%8b%d1%82%d0%b8%d0%b5-%d0%ba%d0%bd%d0%b8%d0%b3%d0%b8-%d0%b2-%d0%ba%d0%b0%d0%b7%d0%b0%d0%bd%d0%b8-a-chegada-do-livro-em-kazan\/","title":{"rendered":"\u041f\u0440\u0438\u0431\u044b\u0442\u0438\u0435 \u043a\u043d\u0438\u0433\u0438 \u0432 \u041a\u0430\u0437\u0430\u043d\u0438 &#8211; A Chegada do Livro em Kazan"},"content":{"rendered":"<section class=\"wpb-content-wrapper\">[vc_row][vc_column][vc_column_text]<a href=\"https:\/\/nashaculturaeslava.com\/nashacultura\/wp-content\/uploads\/2024\/06\/quadro-nikitin-0902224.png\"><img loading=\"lazy\" decoding=\"async\" class=\"aligncenter wp-image-2342\" src=\"https:\/\/nashaculturaeslava.com\/nashacultura\/wp-content\/uploads\/2024\/06\/quadro-nikitin-0902224-1024x775.png\" alt=\"\" width=\"700\" height=\"530\" srcset=\"https:\/\/nashaculturaeslava.com\/nashacultura\/wp-content\/uploads\/2024\/06\/quadro-nikitin-0902224-1024x775.png 1024w, https:\/\/nashaculturaeslava.com\/nashacultura\/wp-content\/uploads\/2024\/06\/quadro-nikitin-0902224-300x227.png 300w, https:\/\/nashaculturaeslava.com\/nashacultura\/wp-content\/uploads\/2024\/06\/quadro-nikitin-0902224-768x581.png 768w, https:\/\/nashaculturaeslava.com\/nashacultura\/wp-content\/uploads\/2024\/06\/quadro-nikitin-0902224-1536x1162.png 1536w, https:\/\/nashaculturaeslava.com\/nashacultura\/wp-content\/uploads\/2024\/06\/quadro-nikitin-0902224-2048x1549.png 2048w\" sizes=\"auto, (max-width: 700px) 100vw, 700px\" \/><\/a>[\/vc_column_text][\/vc_column][\/vc_row][vc_row][vc_column parallax=&#8221;content-moving&#8221; width=&#8221;1\/2&#8243;][vc_masonry_media_grid grid_id=&#8221;vc_gid:1718735210900-1568c3b2-a743-10&#8243; include=&#8221;2341,2340,2339,2338,2337,2336,2335&#8243;][\/vc_column][vc_column width=&#8221;1\/2&#8243;][vc_column_text]\n<h3>\u041f\u0440\u0438\u0431\u044b\u0442\u0438\u0435 \u043a\u043d\u0438\u0433\u0438 \u0432 \u041a\u0430\u0437\u0430\u043d\u0438. A Chegada do Livro em Kazan.<\/h3>\n<h4>T\u00e9cnica: Acr\u00edlico sobre tela.<\/h4>\n<h4>Dimens\u00f5es:\u00a0180\u00a0cm\u00a0x\u00a0130cm<\/h4>\n[\/vc_column_text][\/vc_column][\/vc_row][vc_row][vc_column][\/vc_column][\/vc_row]\n<\/section>","protected":false},"excerpt":{"rendered":"<p>[vc_row][vc_column][vc_column_text][\/vc_column_text][\/vc_column][\/vc_row][vc_row][vc_column parallax=&#8221;content-moving&#8221; width=&#8221;1\/2&#8243;][vc_masonry_media_grid grid_id=&#8221;vc_gid:1718735210900-1568c3b2-a743-10&#8243; include=&#8221;2341,2340,2339,2338,2337,2336,2335&#8243;][\/vc_column][vc_column width=&#8221;1\/2&#8243;][vc_column_text] \u041f\u0440\u0438\u0431\u044b\u0442\u0438\u0435 \u043a\u043d\u0438\u0433\u0438 \u0432 \u041a\u0430\u0437\u0430\u043d\u0438. A Chegada do Livro em Kazan. T\u00e9cnica: Acr\u00edlico sobre tela. Dimens\u00f5es:\u00a0180\u00a0cm\u00a0x\u00a0130cm [\/vc_column_text][\/vc_column][\/vc_row][vc_row][vc_column][\/vc_column][\/vc_row]<\/p>\n","protected":false},"author":1,"featured_media":0,"parent":0,"menu_order":0,"comment_status":"closed","ping_status":"closed","template":"","meta":{"footnotes":""},"class_list":["post-2053","page","type-page","status-publish","hentry","no-featured"],"_links":{"self":[{"href":"https:\/\/nashaculturaeslava.com\/nashacultura\/wp-json\/wp\/v2\/pages\/2053","targetHints":{"allow":["GET"]}}],"collection":[{"href":"https:\/\/nashaculturaeslava.com\/nashacultura\/wp-json\/wp\/v2\/pages"}],"about":[{"href":"https:\/\/nashaculturaeslava.com\/nashacultura\/wp-json\/wp\/v2\/types\/page"}],"author":[{"embeddable":true,"href":"https:\/\/nashaculturaeslava.com\/nashacultura\/wp-json\/wp\/v2\/users\/1"}],"replies":[{"embeddable":true,"href":"https:\/\/nashaculturaeslava.com\/nashacultura\/wp-json\/wp\/v2\/comments?post=2053"}],"version-history":[{"count":9,"href":"https:\/\/nashaculturaeslava.com\/nashacultura\/wp-json\/wp\/v2\/pages\/2053\/revisions"}],"predecessor-version":[{"id":2385,"href":"https:\/\/nashaculturaeslava.com\/nashacultura\/wp-json\/wp\/v2\/pages\/2053\/revisions\/2385"}],"wp:attachment":[{"href":"https:\/\/nashaculturaeslava.com\/nashacultura\/wp-json\/wp\/v2\/media?parent=2053"}],"curies":[{"name":"wp","href":"https:\/\/api.w.org\/{rel}","templated":true}]}}