{"id":2178,"date":"2024-06-06T17:02:11","date_gmt":"2024-06-06T20:02:11","guid":{"rendered":"https:\/\/nashaculturaeslava.com\/nashacultura\/?page_id=2178"},"modified":"2024-06-12T09:46:44","modified_gmt":"2024-06-12T12:46:44","slug":"pagamentos_aulasextras","status":"publish","type":"page","link":"https:\/\/nashaculturaeslava.com\/nashacultura\/pagamentos_aulasextras\/","title":{"rendered":"Pagamento &#8211; Aulas extras"},"content":{"rendered":"<section class=\"wpb-content-wrapper\">[vc_row][vc_column][vc_empty_space]\t\t<div  class=\"noo-title \"  >\n\t\t\t<div class=\"center\">\n\t\t\t\t<h3 class=\"title\">AULAS EXTRAS - PRESENCIAL E ONLINE<\/h3>\t\t\t\t\t\t\t<\/div>\n\t\t\t\n\t\t<\/div>\n\t\t[\/vc_column][\/vc_row][vc_row][vc_column][vc_column_text]\n<h3 style=\"text-align: left;\">I &#8211; PAGAMENTO <u>COM DESCONTO<\/u>: boleto banc\u00e1rio, pix ou dinheiro, cart\u00e3o de d\u00e9bito ou cr\u00e9dito<\/h3>\n<h2 style=\"text-align: left;\"><img loading=\"lazy\" decoding=\"async\" class=\"aligncenter wp-image-2186\" src=\"https:\/\/nashaculturaeslava.com\/nashacultura\/wp-content\/uploads\/2024\/06\/img_aulas_extras_desconto.jpg\" alt=\"\" width=\"1080\" height=\"191\" srcset=\"https:\/\/nashaculturaeslava.com\/nashacultura\/wp-content\/uploads\/2024\/06\/img_aulas_extras_desconto.jpg 1619w, https:\/\/nashaculturaeslava.com\/nashacultura\/wp-content\/uploads\/2024\/06\/img_aulas_extras_desconto-300x53.jpg 300w, https:\/\/nashaculturaeslava.com\/nashacultura\/wp-content\/uploads\/2024\/06\/img_aulas_extras_desconto-1024x181.jpg 1024w, https:\/\/nashaculturaeslava.com\/nashacultura\/wp-content\/uploads\/2024\/06\/img_aulas_extras_desconto-768x136.jpg 768w, https:\/\/nashaculturaeslava.com\/nashacultura\/wp-content\/uploads\/2024\/06\/img_aulas_extras_desconto-1536x271.jpg 1536w\" sizes=\"auto, (max-width: 1080px) 100vw, 1080px\" \/><\/h2>\n[\/vc_column_text][vc_empty_space][vc_column_text]\n<h3><strong>II &#8211; PAGAMENTO <u>SEM DESCONTO<\/u>: dep\u00f3sito banc\u00e1rio, Ted e b\u00f4nus (rublos escolares)<\/strong><\/h3>\n<p><a href=\"https:\/\/nashaculturaeslava.com\/nashacultura\/wp-content\/uploads\/2024\/06\/img_aulas_extras_semdesconto.jpg\" target=\"_blank\" rel=\"noopener\"><img loading=\"lazy\" decoding=\"async\" class=\"aligncenter wp-image-2187\" src=\"https:\/\/nashaculturaeslava.com\/nashacultura\/wp-content\/uploads\/2024\/06\/img_aulas_extras_semdesconto.jpg\" alt=\"\" width=\"1080\" height=\"191\" srcset=\"https:\/\/nashaculturaeslava.com\/nashacultura\/wp-content\/uploads\/2024\/06\/img_aulas_extras_semdesconto.jpg 1618w, https:\/\/nashaculturaeslava.com\/nashacultura\/wp-content\/uploads\/2024\/06\/img_aulas_extras_semdesconto-300x53.jpg 300w, https:\/\/nashaculturaeslava.com\/nashacultura\/wp-content\/uploads\/2024\/06\/img_aulas_extras_semdesconto-1024x181.jpg 1024w, https:\/\/nashaculturaeslava.com\/nashacultura\/wp-content\/uploads\/2024\/06\/img_aulas_extras_semdesconto-768x136.jpg 768w, https:\/\/nashaculturaeslava.com\/nashacultura\/wp-content\/uploads\/2024\/06\/img_aulas_extras_semdesconto-1536x272.jpg 1536w\" sizes=\"auto, (max-width: 1080px) 100vw, 1080px\" \/><\/a>[\/vc_column_text][\/vc_column][\/vc_row]\n<\/section>","protected":false},"excerpt":{"rendered":"<p>[vc_row][vc_column][vc_empty_space][\/vc_column][\/vc_row][vc_row][vc_column][vc_column_text] I &#8211; PAGAMENTO COM DESCONTO: boleto banc\u00e1rio, pix ou dinheiro, cart\u00e3o de d\u00e9bito ou cr\u00e9dito [\/vc_column_text][vc_empty_space][vc_column_text] II &#8211; PAGAMENTO SEM DESCONTO: dep\u00f3sito banc\u00e1rio, Ted e b\u00f4nus (rublos escolares) [\/vc_column_text][\/vc_column][\/vc_row]<\/p>\n","protected":false},"author":1,"featured_media":0,"parent":0,"menu_order":0,"comment_status":"closed","ping_status":"closed","template":"","meta":{"footnotes":""},"class_list":["post-2178","page","type-page","status-publish","hentry","no-featured"],"_links":{"self":[{"href":"https:\/\/nashaculturaeslava.com\/nashacultura\/wp-json\/wp\/v2\/pages\/2178","targetHints":{"allow":["GET"]}}],"collection":[{"href":"https:\/\/nashaculturaeslava.com\/nashacultura\/wp-json\/wp\/v2\/pages"}],"about":[{"href":"https:\/\/nashaculturaeslava.com\/nashacultura\/wp-json\/wp\/v2\/types\/page"}],"author":[{"embeddable":true,"href":"https:\/\/nashaculturaeslava.com\/nashacultura\/wp-json\/wp\/v2\/users\/1"}],"replies":[{"embeddable":true,"href":"https:\/\/nashaculturaeslava.com\/nashacultura\/wp-json\/wp\/v2\/comments?post=2178"}],"version-history":[{"count":6,"href":"https:\/\/nashaculturaeslava.com\/nashacultura\/wp-json\/wp\/v2\/pages\/2178\/revisions"}],"predecessor-version":[{"id":2254,"href":"https:\/\/nashaculturaeslava.com\/nashacultura\/wp-json\/wp\/v2\/pages\/2178\/revisions\/2254"}],"wp:attachment":[{"href":"https:\/\/nashaculturaeslava.com\/nashacultura\/wp-json\/wp\/v2\/media?parent=2178"}],"curies":[{"name":"wp","href":"https:\/\/api.w.org\/{rel}","templated":true}]}}