{"id":2323,"date":"2024-06-20T15:09:03","date_gmt":"2024-06-20T18:09:03","guid":{"rendered":"https:\/\/nashaculturaeslava.com\/nashacultura\/?page_id=2323"},"modified":"2024-06-20T15:09:03","modified_gmt":"2024-06-20T18:09:03","slug":"%d0%bc%d0%b0%d1%81%d0%bb%d0%b5%d0%bd%d0%b8%d1%86%d0%b0-carnaval-russo","status":"publish","type":"page","link":"https:\/\/nashaculturaeslava.com\/nashacultura\/%d0%bc%d0%b0%d1%81%d0%bb%d0%b5%d0%bd%d0%b8%d1%86%d0%b0-carnaval-russo\/","title":{"rendered":"\u041c\u0430\u0441\u043b\u0435\u043d\u0438\u0446\u0430 &#8211; Carnaval Russo"},"content":{"rendered":"<section class=\"wpb-content-wrapper\">[vc_row][vc_column][vc_column_text]<a href=\"https:\/\/nashaculturaeslava.com\/nashacultura\/wp-content\/uploads\/2024\/06\/img_quadro_infanciaemkazan_170624.jpg\" target=\"_blank\" rel=\"noopener\"><img loading=\"lazy\" decoding=\"async\" class=\"aligncenter wp-image-2306\" src=\"https:\/\/nashaculturaeslava.com\/nashacultura\/wp-content\/uploads\/2024\/06\/img_quadro_infanciaemkazan_170624-1024x723.jpg\" alt=\"\" width=\"700\" height=\"494\" srcset=\"https:\/\/nashaculturaeslava.com\/nashacultura\/wp-content\/uploads\/2024\/06\/img_quadro_infanciaemkazan_170624-1024x723.jpg 1024w, https:\/\/nashaculturaeslava.com\/nashacultura\/wp-content\/uploads\/2024\/06\/img_quadro_infanciaemkazan_170624-300x212.jpg 300w, https:\/\/nashaculturaeslava.com\/nashacultura\/wp-content\/uploads\/2024\/06\/img_quadro_infanciaemkazan_170624-768x542.jpg 768w, https:\/\/nashaculturaeslava.com\/nashacultura\/wp-content\/uploads\/2024\/06\/img_quadro_infanciaemkazan_170624-1536x1085.jpg 1536w, https:\/\/nashaculturaeslava.com\/nashacultura\/wp-content\/uploads\/2024\/06\/img_quadro_infanciaemkazan_170624.jpg 1920w\" sizes=\"auto, (max-width: 700px) 100vw, 700px\" \/><\/a>[\/vc_column_text][\/vc_column][\/vc_row][vc_row][vc_column parallax=&#8221;content-moving&#8221; width=&#8221;1\/2&#8243;][vc_masonry_media_grid grid_id=&#8221;vc_gid:1718734313639-a5acb32a-c39a-0&#8243; include=&#8221;2308,2309,2310,2311,2312,2313,2314,2315&#8243;][\/vc_column][vc_column width=&#8221;1\/2&#8243;][vc_column_text]\n<h3><strong>\u041c\u0430\u0441\u043b\u0435\u043d\u0438\u0446\u0430 &#8211; Carnaval russo.<\/strong><\/h3>\n<h4>T\u00e9cnica: Acr\u00edlico sobre tela.<\/h4>\n<h4>Dimens\u00f5es: 180cm x 130cm.<\/h4>\n[\/vc_column_text][\/vc_column][\/vc_row][vc_row][vc_column][\/vc_column][\/vc_row]\n<\/section>","protected":false},"excerpt":{"rendered":"<p>[vc_row][vc_column][vc_column_text][\/vc_column_text][\/vc_column][\/vc_row][vc_row][vc_column parallax=&#8221;content-moving&#8221; width=&#8221;1\/2&#8243;][vc_masonry_media_grid grid_id=&#8221;vc_gid:1718734313639-a5acb32a-c39a-0&#8243; include=&#8221;2308,2309,2310,2311,2312,2313,2314,2315&#8243;][\/vc_column][vc_column width=&#8221;1\/2&#8243;][vc_column_text] \u041c\u0430\u0441\u043b\u0435\u043d\u0438\u0446\u0430 &#8211; Carnaval russo. T\u00e9cnica: Acr\u00edlico sobre tela. Dimens\u00f5es: 180cm x 130cm. [\/vc_column_text][\/vc_column][\/vc_row][vc_row][vc_column][\/vc_column][\/vc_row]<\/p>\n","protected":false},"author":1,"featured_media":0,"parent":0,"menu_order":0,"comment_status":"closed","ping_status":"closed","template":"","meta":{"footnotes":""},"class_list":["post-2323","page","type-page","status-publish","hentry","no-featured"],"_links":{"self":[{"href":"https:\/\/nashaculturaeslava.com\/nashacultura\/wp-json\/wp\/v2\/pages\/2323","targetHints":{"allow":["GET"]}}],"collection":[{"href":"https:\/\/nashaculturaeslava.com\/nashacultura\/wp-json\/wp\/v2\/pages"}],"about":[{"href":"https:\/\/nashaculturaeslava.com\/nashacultura\/wp-json\/wp\/v2\/types\/page"}],"author":[{"embeddable":true,"href":"https:\/\/nashaculturaeslava.com\/nashacultura\/wp-json\/wp\/v2\/users\/1"}],"replies":[{"embeddable":true,"href":"https:\/\/nashaculturaeslava.com\/nashacultura\/wp-json\/wp\/v2\/comments?post=2323"}],"version-history":[{"count":6,"href":"https:\/\/nashaculturaeslava.com\/nashacultura\/wp-json\/wp\/v2\/pages\/2323\/revisions"}],"predecessor-version":[{"id":2384,"href":"https:\/\/nashaculturaeslava.com\/nashacultura\/wp-json\/wp\/v2\/pages\/2323\/revisions\/2384"}],"wp:attachment":[{"href":"https:\/\/nashaculturaeslava.com\/nashacultura\/wp-json\/wp\/v2\/media?parent=2323"}],"curies":[{"name":"wp","href":"https:\/\/api.w.org\/{rel}","templated":true}]}}