{"id":2348,"date":"2024-06-20T15:26:47","date_gmt":"2024-06-20T18:26:47","guid":{"rendered":"https:\/\/nashaculturaeslava.com\/nashacultura\/?page_id=2348"},"modified":"2024-06-20T15:26:47","modified_gmt":"2024-06-20T18:26:47","slug":"%d0%bf%d1%81%d0%b5%d0%b2%d0%b4%d0%be%d0%bb%d0%be%d0%b3-%d0%b3%d0%be%d1%80%d0%be%d0%b4%d0%b0-%d0%ba%d0%b0%d0%b7%d0%b0%d0%bd%d0%b8-a-engazopada-da-cidade-de-kazan","status":"publish","type":"page","link":"https:\/\/nashaculturaeslava.com\/nashacultura\/%d0%bf%d1%81%d0%b5%d0%b2%d0%b4%d0%be%d0%bb%d0%be%d0%b3-%d0%b3%d0%be%d1%80%d0%be%d0%b4%d0%b0-%d0%ba%d0%b0%d0%b7%d0%b0%d0%bd%d0%b8-a-engazopada-da-cidade-de-kazan\/","title":{"rendered":"\u041f\u0441\u0435\u0432\u0434\u043e\u043b\u043e\u0433 \u0433\u043e\u0440\u043e\u0434\u0430 \u041a\u0430\u0437\u0430\u043d\u0438 &#8211; A Engazopada da Cidade de Kazan"},"content":{"rendered":"<section class=\"wpb-content-wrapper\">[vc_row][vc_column][vc_column_text]\n<p style=\"text-align: center;\"><a href=\"https:\/\/nashaculturaeslava.com\/nashacultura\/wp-content\/uploads\/2024\/06\/Imagem-do-WhatsApp-de-2024-06-18-as-10.27.37_1a3efbd0.jpg\"><img loading=\"lazy\" decoding=\"async\" class=\"aligncenter wp-image-2349\" src=\"https:\/\/nashaculturaeslava.com\/nashacultura\/wp-content\/uploads\/2024\/06\/Imagem-do-WhatsApp-de-2024-06-18-as-10.27.37_1a3efbd0-1024x768.jpg\" alt=\"\" width=\"700\" height=\"525\" srcset=\"https:\/\/nashaculturaeslava.com\/nashacultura\/wp-content\/uploads\/2024\/06\/Imagem-do-WhatsApp-de-2024-06-18-as-10.27.37_1a3efbd0-1024x768.jpg 1024w, https:\/\/nashaculturaeslava.com\/nashacultura\/wp-content\/uploads\/2024\/06\/Imagem-do-WhatsApp-de-2024-06-18-as-10.27.37_1a3efbd0-300x225.jpg 300w, https:\/\/nashaculturaeslava.com\/nashacultura\/wp-content\/uploads\/2024\/06\/Imagem-do-WhatsApp-de-2024-06-18-as-10.27.37_1a3efbd0-768x576.jpg 768w, https:\/\/nashaculturaeslava.com\/nashacultura\/wp-content\/uploads\/2024\/06\/Imagem-do-WhatsApp-de-2024-06-18-as-10.27.37_1a3efbd0-600x450.jpg 600w, https:\/\/nashaculturaeslava.com\/nashacultura\/wp-content\/uploads\/2024\/06\/Imagem-do-WhatsApp-de-2024-06-18-as-10.27.37_1a3efbd0.jpg 1280w\" sizes=\"auto, (max-width: 700px) 100vw, 700px\" \/><\/a><\/p>\n[\/vc_column_text][\/vc_column][\/vc_row][vc_row][vc_column parallax=&#8221;content-moving&#8221; width=&#8221;1\/2&#8243;][vc_masonry_media_grid grid_id=&#8221;vc_gid:1718733718651-aea8a9d4-b820-9&#8243; include=&#8221;2356,2355,2354,2353,2352,2351,2350,2349&#8243;][\/vc_column][vc_column width=&#8221;1\/2&#8243;][vc_column_text]\n<h3>\u041f\u0441\u0435\u0432\u0434\u043e\u043b\u043e\u0433 \u0433\u043e\u0440\u043e\u0434\u0430 \u041a\u0430\u0437\u0430\u043d\u0438. &#8211; A Engazopada da Cidade de Kazan.<\/h3>\n<h4>T\u00e9cnica: Acr\u00edlico sobre tela.<\/h4>\n<h4>Dimens\u00f5es:\u00a0180\u00a0cm\u00a0x\u00a0130cm<\/h4>\n[\/vc_column_text][\/vc_column][\/vc_row][vc_row][vc_column][\/vc_column][\/vc_row]\n<\/section>","protected":false},"excerpt":{"rendered":"<p>[vc_row][vc_column][vc_column_text] [\/vc_column_text][\/vc_column][\/vc_row][vc_row][vc_column parallax=&#8221;content-moving&#8221; width=&#8221;1\/2&#8243;][vc_masonry_media_grid grid_id=&#8221;vc_gid:1718733718651-aea8a9d4-b820-9&#8243; include=&#8221;2356,2355,2354,2353,2352,2351,2350,2349&#8243;][\/vc_column][vc_column width=&#8221;1\/2&#8243;][vc_column_text] \u041f\u0441\u0435\u0432\u0434\u043e\u043b\u043e\u0433 \u0433\u043e\u0440\u043e\u0434\u0430 \u041a\u0430\u0437\u0430\u043d\u0438. &#8211; A Engazopada da Cidade de Kazan. T\u00e9cnica: Acr\u00edlico sobre tela. Dimens\u00f5es:\u00a0180\u00a0cm\u00a0x\u00a0130cm [\/vc_column_text][\/vc_column][\/vc_row][vc_row][vc_column][\/vc_column][\/vc_row]<\/p>\n","protected":false},"author":1,"featured_media":0,"parent":0,"menu_order":0,"comment_status":"closed","ping_status":"closed","template":"","meta":{"footnotes":""},"class_list":["post-2348","page","type-page","status-publish","hentry","no-featured"],"_links":{"self":[{"href":"https:\/\/nashaculturaeslava.com\/nashacultura\/wp-json\/wp\/v2\/pages\/2348","targetHints":{"allow":["GET"]}}],"collection":[{"href":"https:\/\/nashaculturaeslava.com\/nashacultura\/wp-json\/wp\/v2\/pages"}],"about":[{"href":"https:\/\/nashaculturaeslava.com\/nashacultura\/wp-json\/wp\/v2\/types\/page"}],"author":[{"embeddable":true,"href":"https:\/\/nashaculturaeslava.com\/nashacultura\/wp-json\/wp\/v2\/users\/1"}],"replies":[{"embeddable":true,"href":"https:\/\/nashaculturaeslava.com\/nashacultura\/wp-json\/wp\/v2\/comments?post=2348"}],"version-history":[{"count":3,"href":"https:\/\/nashaculturaeslava.com\/nashacultura\/wp-json\/wp\/v2\/pages\/2348\/revisions"}],"predecessor-version":[{"id":2386,"href":"https:\/\/nashaculturaeslava.com\/nashacultura\/wp-json\/wp\/v2\/pages\/2348\/revisions\/2386"}],"wp:attachment":[{"href":"https:\/\/nashaculturaeslava.com\/nashacultura\/wp-json\/wp\/v2\/media?parent=2348"}],"curies":[{"name":"wp","href":"https:\/\/api.w.org\/{rel}","templated":true}]}}