{"id":2388,"date":"2024-06-20T15:27:53","date_gmt":"2024-06-20T18:27:53","guid":{"rendered":"https:\/\/nashaculturaeslava.com\/nashacultura\/?page_id=2388"},"modified":"2024-06-20T15:27:53","modified_gmt":"2024-06-20T18:27:53","slug":"%d1%81%d0%be%d0%bd-%d0%bd%d0%b0%d1%82%d0%b0%d0%bb%d1%8c%d0%b8-%d0%bf%d0%b5%d1%82%d1%80%d0%be%d0%b2%d0%bd%d1%8b-%d0%bf%d0%be-%d0%b4%d0%be%d1%80%d0%be%d0%b3%d0%b5-%d0%b8%d0%b7-%d0%ba%d0%b0%d0%b7%d0%b0","status":"publish","type":"page","link":"https:\/\/nashaculturaeslava.com\/nashacultura\/%d1%81%d0%be%d0%bd-%d0%bd%d0%b0%d1%82%d0%b0%d0%bb%d1%8c%d0%b8-%d0%bf%d0%b5%d1%82%d1%80%d0%be%d0%b2%d0%bd%d1%8b-%d0%bf%d0%be-%d0%b4%d0%be%d1%80%d0%be%d0%b3%d0%b5-%d0%b8%d0%b7-%d0%ba%d0%b0%d0%b7%d0%b0\/","title":{"rendered":"\u0421\u043e\u043d \u041d\u0430\u0442\u0430\u043b\u044c\u0438 \u041f\u0435\u0442\u0440\u043e\u0432\u043d\u044b \u043f\u043e \u0434\u043e\u0440\u043e\u0433\u0435 \u0438\u0437 \u041a\u0430\u0437\u0430\u043d\u0438 \u0432 \u041e\u0434\u0435\u0441\u0441\u0443 &#8211; O Sonho de Nat\u00e1lia Petrovna no Caminho de Kazan a Odessa"},"content":{"rendered":"<section class=\"wpb-content-wrapper\">[vc_row][vc_column][vc_column_text]<a href=\"https:\/\/nashaculturaeslava.com\/nashacultura\/wp-content\/uploads\/2024\/06\/img_quadro_sonhodenataliapetrovna.jpg\" target=\"_blank\" rel=\"noopener\"><img loading=\"lazy\" decoding=\"async\" class=\"aligncenter wp-image-2402\" src=\"https:\/\/nashaculturaeslava.com\/nashacultura\/wp-content\/uploads\/2024\/06\/img_quadro_sonhodenataliapetrovna-1024x738.jpg\" alt=\"\" width=\"700\" height=\"505\" srcset=\"https:\/\/nashaculturaeslava.com\/nashacultura\/wp-content\/uploads\/2024\/06\/img_quadro_sonhodenataliapetrovna-1024x738.jpg 1024w, https:\/\/nashaculturaeslava.com\/nashacultura\/wp-content\/uploads\/2024\/06\/img_quadro_sonhodenataliapetrovna-300x216.jpg 300w, https:\/\/nashaculturaeslava.com\/nashacultura\/wp-content\/uploads\/2024\/06\/img_quadro_sonhodenataliapetrovna-768x554.jpg 768w, https:\/\/nashaculturaeslava.com\/nashacultura\/wp-content\/uploads\/2024\/06\/img_quadro_sonhodenataliapetrovna-1536x1107.jpg 1536w, https:\/\/nashaculturaeslava.com\/nashacultura\/wp-content\/uploads\/2024\/06\/img_quadro_sonhodenataliapetrovna.jpg 1920w\" sizes=\"auto, (max-width: 700px) 100vw, 700px\" \/><\/a>[\/vc_column_text][\/vc_column][\/vc_row][vc_row][vc_column parallax=&#8221;content-moving&#8221; width=&#8221;1\/2&#8243;][vc_masonry_media_grid grid_id=&#8221;vc_gid:1718898976098-8c1a6117-74b8-10&#8243; include=&#8221;2409,2410,2411,2412,2413,2414,2415,2416,2417,2418,2419,2420,2421,2422,2423,2424,2425,2426,2427,2428,2429,2430&#8243;][\/vc_column][vc_column width=&#8221;1\/2&#8243;][vc_column_text]\n<h3>\u0421\u043e\u043d \u041d\u0430\u0442\u0430\u043b\u044c\u0438 \u041f\u0435\u0442\u0440\u043e\u0432\u043d\u044b \u043f\u043e \u0434\u043e\u0440\u043e\u0433\u0435 \u0438\u0437 \u041a\u0430\u0437\u0430\u043d\u0438 \u0432 \u041e\u0434\u0435\u0441\u0441\u0443. O Sonho de Nat\u00e1lia Petrovna no Caminho de Kazan a Odessa.<\/h3>\n<h4>T\u00e9cnica: Acr\u00edlico sobre tela.<\/h4>\n<h4>Dimens\u00f5es: 180cm x 130cm.<\/h4>\n[\/vc_column_text][\/vc_column][\/vc_row]\n<\/section>","protected":false},"excerpt":{"rendered":"<p>[vc_row][vc_column][vc_column_text][\/vc_column_text][\/vc_column][\/vc_row][vc_row][vc_column parallax=&#8221;content-moving&#8221; width=&#8221;1\/2&#8243;][vc_masonry_media_grid grid_id=&#8221;vc_gid:1718898976098-8c1a6117-74b8-10&#8243; include=&#8221;2409,2410,2411,2412,2413,2414,2415,2416,2417,2418,2419,2420,2421,2422,2423,2424,2425,2426,2427,2428,2429,2430&#8243;][\/vc_column][vc_column width=&#8221;1\/2&#8243;][vc_column_text] \u0421\u043e\u043d \u041d\u0430\u0442\u0430\u043b\u044c\u0438 \u041f\u0435\u0442\u0440\u043e\u0432\u043d\u044b \u043f\u043e \u0434\u043e\u0440\u043e\u0433\u0435 \u0438\u0437 \u041a\u0430\u0437\u0430\u043d\u0438 \u0432 \u041e\u0434\u0435\u0441\u0441\u0443. O Sonho de Nat\u00e1lia Petrovna no Caminho de Kazan a Odessa. T\u00e9cnica: Acr\u00edlico sobre tela. Dimens\u00f5es: 180cm x 130cm. [\/vc_column_text][\/vc_column][\/vc_row]<\/p>\n","protected":false},"author":1,"featured_media":0,"parent":0,"menu_order":0,"comment_status":"closed","ping_status":"closed","template":"","meta":{"footnotes":""},"class_list":["post-2388","page","type-page","status-publish","hentry","no-featured"],"_links":{"self":[{"href":"https:\/\/nashaculturaeslava.com\/nashacultura\/wp-json\/wp\/v2\/pages\/2388","targetHints":{"allow":["GET"]}}],"collection":[{"href":"https:\/\/nashaculturaeslava.com\/nashacultura\/wp-json\/wp\/v2\/pages"}],"about":[{"href":"https:\/\/nashaculturaeslava.com\/nashacultura\/wp-json\/wp\/v2\/types\/page"}],"author":[{"embeddable":true,"href":"https:\/\/nashaculturaeslava.com\/nashacultura\/wp-json\/wp\/v2\/users\/1"}],"replies":[{"embeddable":true,"href":"https:\/\/nashaculturaeslava.com\/nashacultura\/wp-json\/wp\/v2\/comments?post=2388"}],"version-history":[{"count":6,"href":"https:\/\/nashaculturaeslava.com\/nashacultura\/wp-json\/wp\/v2\/pages\/2388\/revisions"}],"predecessor-version":[{"id":2487,"href":"https:\/\/nashaculturaeslava.com\/nashacultura\/wp-json\/wp\/v2\/pages\/2388\/revisions\/2487"}],"wp:attachment":[{"href":"https:\/\/nashaculturaeslava.com\/nashacultura\/wp-json\/wp\/v2\/media?parent=2388"}],"curies":[{"name":"wp","href":"https:\/\/api.w.org\/{rel}","templated":true}]}}