{"id":2390,"date":"2024-06-20T15:28:12","date_gmt":"2024-06-20T18:28:12","guid":{"rendered":"https:\/\/nashaculturaeslava.com\/nashacultura\/?page_id=2390"},"modified":"2024-06-20T15:28:12","modified_gmt":"2024-06-20T18:28:12","slug":"%d0%b2%d0%b7%d1%80%d1%8b%d0%b2-%d0%bd%d0%b0-%d0%bf%d0%be%d1%80%d0%be%d1%85%d0%be%d0%b2%d0%be%d0%b9-%d1%84%d0%b0%d0%b1%d1%80%d0%b8%d0%ba%d0%b5-a-explosao-na-fabrica-de-polvora","status":"publish","type":"page","link":"https:\/\/nashaculturaeslava.com\/nashacultura\/%d0%b2%d0%b7%d1%80%d1%8b%d0%b2-%d0%bd%d0%b0-%d0%bf%d0%be%d1%80%d0%be%d1%85%d0%be%d0%b2%d0%be%d0%b9-%d1%84%d0%b0%d0%b1%d1%80%d0%b8%d0%ba%d0%b5-a-explosao-na-fabrica-de-polvora\/","title":{"rendered":"\u0412\u0437\u0440\u044b\u0432 \u043d\u0430 \u043f\u043e\u0440\u043e\u0445\u043e\u0432\u043e\u0439 \u0444\u0430\u0431\u0440\u0438\u043a\u0435 &#8211; A Explos\u00e3o na F\u00e1brica de P\u00f3lvora"},"content":{"rendered":"<section class=\"wpb-content-wrapper\">[vc_row][vc_column][vc_column_text]<a href=\"https:\/\/nashaculturaeslava.com\/nashacultura\/wp-content\/uploads\/2024\/06\/quadro_explosaonafabricadepolvora-scaled.jpg\"><img loading=\"lazy\" decoding=\"async\" class=\"aligncenter wp-image-2488\" src=\"https:\/\/nashaculturaeslava.com\/nashacultura\/wp-content\/uploads\/2024\/06\/quadro_explosaonafabricadepolvora-scaled.jpg\" alt=\"\" width=\"700\" height=\"504\" srcset=\"https:\/\/nashaculturaeslava.com\/nashacultura\/wp-content\/uploads\/2024\/06\/quadro_explosaonafabricadepolvora-scaled.jpg 2560w, https:\/\/nashaculturaeslava.com\/nashacultura\/wp-content\/uploads\/2024\/06\/quadro_explosaonafabricadepolvora-300x216.jpg 300w, https:\/\/nashaculturaeslava.com\/nashacultura\/wp-content\/uploads\/2024\/06\/quadro_explosaonafabricadepolvora-1024x737.jpg 1024w, https:\/\/nashaculturaeslava.com\/nashacultura\/wp-content\/uploads\/2024\/06\/quadro_explosaonafabricadepolvora-768x552.jpg 768w, https:\/\/nashaculturaeslava.com\/nashacultura\/wp-content\/uploads\/2024\/06\/quadro_explosaonafabricadepolvora-1536x1105.jpg 1536w, https:\/\/nashaculturaeslava.com\/nashacultura\/wp-content\/uploads\/2024\/06\/quadro_explosaonafabricadepolvora-2048x1473.jpg 2048w\" sizes=\"auto, (max-width: 700px) 100vw, 700px\" \/><\/a>[\/vc_column_text][\/vc_column][\/vc_row][vc_row][vc_column parallax=&#8221;content-moving&#8221; width=&#8221;1\/2&#8243;][vc_masonry_media_grid grid_id=&#8221;vc_gid:1718899044966-d84189fa-eceb-4&#8243; include=&#8221;2496,2495,2494,2493,2492,2491,2490,2489&#8243;][\/vc_column][vc_column width=&#8221;1\/2&#8243;][vc_column_text]\n<h3>\u0412\u0437\u0440\u044b\u0432 \u043d\u0430 \u043f\u043e\u0440\u043e\u0445\u043e\u0432\u043e\u0439 \u0444\u0430\u0431\u0440\u0438\u043a\u0435. A Explos\u00e3o na F\u00e1brica de P\u00f3lvora.<\/h3>\n<h4>T\u00e9cnica: Acr\u00edlico sobre tela.<\/h4>\n<h4>Dimens\u00f5es: 180cm x 130cm.<\/h4>\n[\/vc_column_text][\/vc_column][\/vc_row][vc_row][vc_column][\/vc_column][\/vc_row]\n<\/section>","protected":false},"excerpt":{"rendered":"<p>[vc_row][vc_column][vc_column_text][\/vc_column_text][\/vc_column][\/vc_row][vc_row][vc_column parallax=&#8221;content-moving&#8221; width=&#8221;1\/2&#8243;][vc_masonry_media_grid grid_id=&#8221;vc_gid:1718899044966-d84189fa-eceb-4&#8243; include=&#8221;2496,2495,2494,2493,2492,2491,2490,2489&#8243;][\/vc_column][vc_column width=&#8221;1\/2&#8243;][vc_column_text] \u0412\u0437\u0440\u044b\u0432 \u043d\u0430 \u043f\u043e\u0440\u043e\u0445\u043e\u0432\u043e\u0439 \u0444\u0430\u0431\u0440\u0438\u043a\u0435. A Explos\u00e3o na F\u00e1brica de P\u00f3lvora. T\u00e9cnica: Acr\u00edlico sobre tela. Dimens\u00f5es: 180cm x 130cm. [\/vc_column_text][\/vc_column][\/vc_row][vc_row][vc_column][\/vc_column][\/vc_row]<\/p>\n","protected":false},"author":1,"featured_media":0,"parent":0,"menu_order":0,"comment_status":"closed","ping_status":"closed","template":"","meta":{"footnotes":""},"class_list":["post-2390","page","type-page","status-publish","hentry","no-featured"],"_links":{"self":[{"href":"https:\/\/nashaculturaeslava.com\/nashacultura\/wp-json\/wp\/v2\/pages\/2390","targetHints":{"allow":["GET"]}}],"collection":[{"href":"https:\/\/nashaculturaeslava.com\/nashacultura\/wp-json\/wp\/v2\/pages"}],"about":[{"href":"https:\/\/nashaculturaeslava.com\/nashacultura\/wp-json\/wp\/v2\/types\/page"}],"author":[{"embeddable":true,"href":"https:\/\/nashaculturaeslava.com\/nashacultura\/wp-json\/wp\/v2\/users\/1"}],"replies":[{"embeddable":true,"href":"https:\/\/nashaculturaeslava.com\/nashacultura\/wp-json\/wp\/v2\/comments?post=2390"}],"version-history":[{"count":2,"href":"https:\/\/nashaculturaeslava.com\/nashacultura\/wp-json\/wp\/v2\/pages\/2390\/revisions"}],"predecessor-version":[{"id":2497,"href":"https:\/\/nashaculturaeslava.com\/nashacultura\/wp-json\/wp\/v2\/pages\/2390\/revisions\/2497"}],"wp:attachment":[{"href":"https:\/\/nashaculturaeslava.com\/nashacultura\/wp-json\/wp\/v2\/media?parent=2390"}],"curies":[{"name":"wp","href":"https:\/\/api.w.org\/{rel}","templated":true}]}}