{"id":2392,"date":"2024-06-20T15:29:03","date_gmt":"2024-06-20T18:29:03","guid":{"rendered":"https:\/\/nashaculturaeslava.com\/nashacultura\/?page_id=2392"},"modified":"2024-06-20T15:29:03","modified_gmt":"2024-06-20T18:29:03","slug":"%d0%b2%d0%b8%d0%b4-%d0%ba%d0%b0%d0%b7%d0%b0%d0%bd%d0%b8-%d0%ba%d1%83%d0%bf%d0%b8%d0%b4%d0%be%d0%bd%d1%81%d0%ba%d0%be%d0%b3%d0%be-%d0%bf%d0%be%d0%b4%d1%91%d1%82%d0%b0-%d0%b8%d0%bb%d0%b8-%d0%ba%d1%83","status":"publish","type":"page","link":"https:\/\/nashaculturaeslava.com\/nashacultura\/%d0%b2%d0%b8%d0%b4-%d0%ba%d0%b0%d0%b7%d0%b0%d0%bd%d0%b8-%d0%ba%d1%83%d0%bf%d0%b8%d0%b4%d0%be%d0%bd%d1%81%d0%ba%d0%be%d0%b3%d0%be-%d0%bf%d0%be%d0%b4%d1%91%d1%82%d0%b0-%d0%b8%d0%bb%d0%b8-%d0%ba%d1%83\/","title":{"rendered":"\u0412\u0438\u0434 \u041a\u0430\u0437\u0430\u043d\u0438 \u043a\u0443\u043f\u0438\u0434\u043e\u043d\u0441\u043a\u043e\u0433\u043e \u043f\u043e\u0434\u0451\u0442\u0430 \u0438\u043b\u0438 \u041a\u0443\u043f\u0438\u0434\u043e\u043d-\u043a\u043e\u0441\u043c\u043e\u043d\u0430\u0432\u0442 &#8211; Kazan vista da altura do voo de um cupido"},"content":{"rendered":"<section class=\"wpb-content-wrapper\">[vc_row][vc_column][vc_column_text]<a href=\"https:\/\/nashaculturaeslava.com\/nashacultura\/wp-content\/uploads\/2024\/06\/Imagem-do-WhatsApp-de-2024-06-17-as-16.13.39_f3d4adfa-scaled.jpg\"><img loading=\"lazy\" decoding=\"async\" class=\"aligncenter wp-image-2324\" src=\"https:\/\/nashaculturaeslava.com\/nashacultura\/wp-content\/uploads\/2024\/06\/Imagem-do-WhatsApp-de-2024-06-17-as-16.13.39_f3d4adfa-scaled.jpg\" alt=\"\" width=\"700\" height=\"525\" srcset=\"https:\/\/nashaculturaeslava.com\/nashacultura\/wp-content\/uploads\/2024\/06\/Imagem-do-WhatsApp-de-2024-06-17-as-16.13.39_f3d4adfa-scaled.jpg 2560w, https:\/\/nashaculturaeslava.com\/nashacultura\/wp-content\/uploads\/2024\/06\/Imagem-do-WhatsApp-de-2024-06-17-as-16.13.39_f3d4adfa-300x225.jpg 300w, https:\/\/nashaculturaeslava.com\/nashacultura\/wp-content\/uploads\/2024\/06\/Imagem-do-WhatsApp-de-2024-06-17-as-16.13.39_f3d4adfa-1024x768.jpg 1024w, https:\/\/nashaculturaeslava.com\/nashacultura\/wp-content\/uploads\/2024\/06\/Imagem-do-WhatsApp-de-2024-06-17-as-16.13.39_f3d4adfa-768x576.jpg 768w, https:\/\/nashaculturaeslava.com\/nashacultura\/wp-content\/uploads\/2024\/06\/Imagem-do-WhatsApp-de-2024-06-17-as-16.13.39_f3d4adfa-1536x1152.jpg 1536w, https:\/\/nashaculturaeslava.com\/nashacultura\/wp-content\/uploads\/2024\/06\/Imagem-do-WhatsApp-de-2024-06-17-as-16.13.39_f3d4adfa-2048x1536.jpg 2048w, https:\/\/nashaculturaeslava.com\/nashacultura\/wp-content\/uploads\/2024\/06\/Imagem-do-WhatsApp-de-2024-06-17-as-16.13.39_f3d4adfa-600x450.jpg 600w\" sizes=\"auto, (max-width: 700px) 100vw, 700px\" \/><\/a>[\/vc_column_text][\/vc_column][\/vc_row][vc_row][vc_column parallax=&#8221;content-moving&#8221; width=&#8221;1\/2&#8243;][vc_masonry_media_grid grid_id=&#8221;vc_gid:1718826311993-bf382ecf-1461-0&#8243; include=&#8221;2325,2326,2327,2328,2329,2330,2331,2332&#8243;][\/vc_column][vc_column width=&#8221;1\/2&#8243;][vc_column_text]\n<h3>\u0412\u0438\u0434 \u041a\u0430\u0437\u0430\u043d\u0438 \u043a\u0443\u043f\u0438\u0434\u043e\u043d\u0441\u043a\u043e\u0433\u043e \u043f\u043e\u0434\u0451\u0442\u0430 \u0438\u043b\u0438 \u041a\u0443\u043f\u0438\u0434\u043e\u043d-\u043a\u043e\u0441\u043c\u043e\u043d\u0430\u0432\u0442. Kazan vista da altura do voo de um cupido.<\/h3>\n<h4>T\u00e9cnica: Acr\u00edlico sobre tela.<\/h4>\n<h4>Dimens\u00f5es: 180cm x 130cm.<\/h4>\n[\/vc_column_text][\/vc_column][\/vc_row][vc_row][vc_column][\/vc_column][\/vc_row]\n<\/section>","protected":false},"excerpt":{"rendered":"<p>[vc_row][vc_column][vc_column_text][\/vc_column_text][\/vc_column][\/vc_row][vc_row][vc_column parallax=&#8221;content-moving&#8221; width=&#8221;1\/2&#8243;][vc_masonry_media_grid grid_id=&#8221;vc_gid:1718826311993-bf382ecf-1461-0&#8243; include=&#8221;2325,2326,2327,2328,2329,2330,2331,2332&#8243;][\/vc_column][vc_column width=&#8221;1\/2&#8243;][vc_column_text] \u0412\u0438\u0434 \u041a\u0430\u0437\u0430\u043d\u0438 \u043a\u0443\u043f\u0438\u0434\u043e\u043d\u0441\u043a\u043e\u0433\u043e \u043f\u043e\u0434\u0451\u0442\u0430 \u0438\u043b\u0438 \u041a\u0443\u043f\u0438\u0434\u043e\u043d-\u043a\u043e\u0441\u043c\u043e\u043d\u0430\u0432\u0442. Kazan vista da altura do voo de um cupido. T\u00e9cnica: Acr\u00edlico sobre tela. Dimens\u00f5es: 180cm x 130cm. [\/vc_column_text][\/vc_column][\/vc_row][vc_row][vc_column][\/vc_column][\/vc_row]<\/p>\n","protected":false},"author":1,"featured_media":0,"parent":0,"menu_order":0,"comment_status":"closed","ping_status":"closed","template":"","meta":{"footnotes":""},"class_list":["post-2392","page","type-page","status-publish","hentry","no-featured"],"_links":{"self":[{"href":"https:\/\/nashaculturaeslava.com\/nashacultura\/wp-json\/wp\/v2\/pages\/2392","targetHints":{"allow":["GET"]}}],"collection":[{"href":"https:\/\/nashaculturaeslava.com\/nashacultura\/wp-json\/wp\/v2\/pages"}],"about":[{"href":"https:\/\/nashaculturaeslava.com\/nashacultura\/wp-json\/wp\/v2\/types\/page"}],"author":[{"embeddable":true,"href":"https:\/\/nashaculturaeslava.com\/nashacultura\/wp-json\/wp\/v2\/users\/1"}],"replies":[{"embeddable":true,"href":"https:\/\/nashaculturaeslava.com\/nashacultura\/wp-json\/wp\/v2\/comments?post=2392"}],"version-history":[{"count":2,"href":"https:\/\/nashaculturaeslava.com\/nashacultura\/wp-json\/wp\/v2\/pages\/2392\/revisions"}],"predecessor-version":[{"id":2454,"href":"https:\/\/nashaculturaeslava.com\/nashacultura\/wp-json\/wp\/v2\/pages\/2392\/revisions\/2454"}],"wp:attachment":[{"href":"https:\/\/nashaculturaeslava.com\/nashacultura\/wp-json\/wp\/v2\/media?parent=2392"}],"curies":[{"name":"wp","href":"https:\/\/api.w.org\/{rel}","templated":true}]}}