{"id":2396,"date":"2024-06-20T15:29:40","date_gmt":"2024-06-20T18:29:40","guid":{"rendered":"https:\/\/nashaculturaeslava.com\/nashacultura\/?page_id=2396"},"modified":"2024-06-20T15:29:40","modified_gmt":"2024-06-20T18:29:40","slug":"%d0%b2-%d0%ba%d0%b0%d0%b7%d0%b0%d0%bd%d0%b8-em-kazan","status":"publish","type":"page","link":"https:\/\/nashaculturaeslava.com\/nashacultura\/%d0%b2-%d0%ba%d0%b0%d0%b7%d0%b0%d0%bd%d0%b8-em-kazan\/","title":{"rendered":"\u0412 \u041a\u0430\u0437\u0430\u043d\u0438 &#8211; Em Kazan"},"content":{"rendered":"<section class=\"wpb-content-wrapper\">[vc_row][vc_column][vc_column_text]<a href=\"https:\/\/nashaculturaeslava.com\/nashacultura\/wp-content\/uploads\/2024\/06\/IMG_7445.jpg\"><img loading=\"lazy\" decoding=\"async\" class=\"aligncenter wp-image-2455\" src=\"https:\/\/nashaculturaeslava.com\/nashacultura\/wp-content\/uploads\/2024\/06\/IMG_7445.jpg\" alt=\"\" width=\"700\" height=\"525\" srcset=\"https:\/\/nashaculturaeslava.com\/nashacultura\/wp-content\/uploads\/2024\/06\/IMG_7445.jpg 2052w, https:\/\/nashaculturaeslava.com\/nashacultura\/wp-content\/uploads\/2024\/06\/IMG_7445-300x225.jpg 300w, https:\/\/nashaculturaeslava.com\/nashacultura\/wp-content\/uploads\/2024\/06\/IMG_7445-1024x768.jpg 1024w, https:\/\/nashaculturaeslava.com\/nashacultura\/wp-content\/uploads\/2024\/06\/IMG_7445-768x576.jpg 768w, https:\/\/nashaculturaeslava.com\/nashacultura\/wp-content\/uploads\/2024\/06\/IMG_7445-1536x1152.jpg 1536w, https:\/\/nashaculturaeslava.com\/nashacultura\/wp-content\/uploads\/2024\/06\/IMG_7445-2048x1536.jpg 2048w, https:\/\/nashaculturaeslava.com\/nashacultura\/wp-content\/uploads\/2024\/06\/IMG_7445-600x450.jpg 600w\" sizes=\"auto, (max-width: 700px) 100vw, 700px\" \/><\/a>[\/vc_column_text][\/vc_column][\/vc_row][vc_row][vc_column parallax=&#8221;content-moving&#8221; width=&#8221;1\/2&#8243;][vc_masonry_media_grid grid_id=&#8221;vc_gid:1718827849435-812f4b5e-1c56-10&#8243; include=&#8221;2456,2457,2458,2459,2460,2461,2462,2463&#8243;][\/vc_column][vc_column width=&#8221;1\/2&#8243;][vc_column_text]\n<h3>\u0412 \u041a\u0430\u0437\u0430\u043d\u0438. Em Kazan.<\/h3>\n<h4>T\u00e9cnica: Acr\u00edlico sobre tela.<\/h4>\n<h4>Dimens\u00f5es: 180cm x 130cm.<\/h4>\n[\/vc_column_text][\/vc_column][\/vc_row][vc_row][vc_column][\/vc_column][\/vc_row]\n<\/section>","protected":false},"excerpt":{"rendered":"<p>[vc_row][vc_column][vc_column_text][\/vc_column_text][\/vc_column][\/vc_row][vc_row][vc_column parallax=&#8221;content-moving&#8221; width=&#8221;1\/2&#8243;][vc_masonry_media_grid grid_id=&#8221;vc_gid:1718827849435-812f4b5e-1c56-10&#8243; include=&#8221;2456,2457,2458,2459,2460,2461,2462,2463&#8243;][\/vc_column][vc_column width=&#8221;1\/2&#8243;][vc_column_text] \u0412 \u041a\u0430\u0437\u0430\u043d\u0438. Em Kazan. T\u00e9cnica: Acr\u00edlico sobre tela. Dimens\u00f5es: 180cm x 130cm. [\/vc_column_text][\/vc_column][\/vc_row][vc_row][vc_column][\/vc_column][\/vc_row]<\/p>\n","protected":false},"author":1,"featured_media":0,"parent":0,"menu_order":0,"comment_status":"closed","ping_status":"closed","template":"","meta":{"footnotes":""},"class_list":["post-2396","page","type-page","status-publish","hentry","no-featured"],"_links":{"self":[{"href":"https:\/\/nashaculturaeslava.com\/nashacultura\/wp-json\/wp\/v2\/pages\/2396","targetHints":{"allow":["GET"]}}],"collection":[{"href":"https:\/\/nashaculturaeslava.com\/nashacultura\/wp-json\/wp\/v2\/pages"}],"about":[{"href":"https:\/\/nashaculturaeslava.com\/nashacultura\/wp-json\/wp\/v2\/types\/page"}],"author":[{"embeddable":true,"href":"https:\/\/nashaculturaeslava.com\/nashacultura\/wp-json\/wp\/v2\/users\/1"}],"replies":[{"embeddable":true,"href":"https:\/\/nashaculturaeslava.com\/nashacultura\/wp-json\/wp\/v2\/comments?post=2396"}],"version-history":[{"count":2,"href":"https:\/\/nashaculturaeslava.com\/nashacultura\/wp-json\/wp\/v2\/pages\/2396\/revisions"}],"predecessor-version":[{"id":2464,"href":"https:\/\/nashaculturaeslava.com\/nashacultura\/wp-json\/wp\/v2\/pages\/2396\/revisions\/2464"}],"wp:attachment":[{"href":"https:\/\/nashaculturaeslava.com\/nashacultura\/wp-json\/wp\/v2\/media?parent=2396"}],"curies":[{"name":"wp","href":"https:\/\/api.w.org\/{rel}","templated":true}]}}