{"id":2398,"date":"2024-06-20T15:30:52","date_gmt":"2024-06-20T18:30:52","guid":{"rendered":"https:\/\/nashaculturaeslava.com\/nashacultura\/?page_id=2398"},"modified":"2024-06-20T15:30:52","modified_gmt":"2024-06-20T18:30:52","slug":"%d0%bf%d0%b0%d0%bd%d0%b4%d0%b5%d0%bc%d0%b8%d1%8f-%d0%b2-%d0%ba%d0%b0%d0%b7%d0%b0%d0%bd%d0%b8-a-pandemia-em-kazan","status":"publish","type":"page","link":"https:\/\/nashaculturaeslava.com\/nashacultura\/%d0%bf%d0%b0%d0%bd%d0%b4%d0%b5%d0%bc%d0%b8%d1%8f-%d0%b2-%d0%ba%d0%b0%d0%b7%d0%b0%d0%bd%d0%b8-a-pandemia-em-kazan\/","title":{"rendered":"\u041f\u0430\u043d\u0434\u0435\u043c\u0438\u044f \u0432 \u041a\u0430\u0437\u0430\u043d\u0438 &#8211; A pandemia em Kazan"},"content":{"rendered":"<section class=\"wpb-content-wrapper\">[vc_row][vc_column][vc_column_text]<a href=\"https:\/\/nashaculturaeslava.com\/nashacultura\/wp-content\/uploads\/2024\/06\/quadro_pandemia_190624-scaled.jpg\"><img loading=\"lazy\" decoding=\"async\" class=\"aligncenter wp-image-2465\" src=\"https:\/\/nashaculturaeslava.com\/nashacultura\/wp-content\/uploads\/2024\/06\/quadro_pandemia_190624-scaled.jpg\" alt=\"\" width=\"700\" height=\"525\" srcset=\"https:\/\/nashaculturaeslava.com\/nashacultura\/wp-content\/uploads\/2024\/06\/quadro_pandemia_190624-scaled.jpg 2560w, https:\/\/nashaculturaeslava.com\/nashacultura\/wp-content\/uploads\/2024\/06\/quadro_pandemia_190624-300x225.jpg 300w, https:\/\/nashaculturaeslava.com\/nashacultura\/wp-content\/uploads\/2024\/06\/quadro_pandemia_190624-1024x768.jpg 1024w, https:\/\/nashaculturaeslava.com\/nashacultura\/wp-content\/uploads\/2024\/06\/quadro_pandemia_190624-768x576.jpg 768w, https:\/\/nashaculturaeslava.com\/nashacultura\/wp-content\/uploads\/2024\/06\/quadro_pandemia_190624-1536x1152.jpg 1536w, https:\/\/nashaculturaeslava.com\/nashacultura\/wp-content\/uploads\/2024\/06\/quadro_pandemia_190624-2048x1537.jpg 2048w, https:\/\/nashaculturaeslava.com\/nashacultura\/wp-content\/uploads\/2024\/06\/quadro_pandemia_190624-600x450.jpg 600w\" sizes=\"auto, (max-width: 700px) 100vw, 700px\" \/><\/a>[\/vc_column_text][\/vc_column][\/vc_row][vc_row][vc_column parallax=&#8221;content-moving&#8221; width=&#8221;1\/2&#8243;][vc_masonry_media_grid grid_id=&#8221;vc_gid:1718828153973-14ca549d-9fc2-5&#8243; include=&#8221;2466,2467,2468,2469,2470,2471,2472,2473,2474,2475,2476,2477,2478,2479,2480,2481,2482,2483,2484,2485&#8243;][\/vc_column][vc_column width=&#8221;1\/2&#8243;][vc_column_text]\n<h3>\u041f\u0430\u043d\u0434\u0435\u043c\u0438\u044f \u0432 \u041a\u0430\u0437\u0430\u043d\u0438. A pandemia em Kazan.<\/h3>\n<h4>T\u00e9cnica: Acr\u00edlico sobre tela.<\/h4>\n<h4>Dimens\u00f5es: 180cm x 130cm.<\/h4>\n[\/vc_column_text][\/vc_column][\/vc_row][vc_row][vc_column][\/vc_column][\/vc_row]\n<\/section>","protected":false},"excerpt":{"rendered":"<p>[vc_row][vc_column][vc_column_text][\/vc_column_text][\/vc_column][\/vc_row][vc_row][vc_column parallax=&#8221;content-moving&#8221; width=&#8221;1\/2&#8243;][vc_masonry_media_grid grid_id=&#8221;vc_gid:1718828153973-14ca549d-9fc2-5&#8243; include=&#8221;2466,2467,2468,2469,2470,2471,2472,2473,2474,2475,2476,2477,2478,2479,2480,2481,2482,2483,2484,2485&#8243;][\/vc_column][vc_column width=&#8221;1\/2&#8243;][vc_column_text] \u041f\u0430\u043d\u0434\u0435\u043c\u0438\u044f \u0432 \u041a\u0430\u0437\u0430\u043d\u0438. A pandemia em Kazan. T\u00e9cnica: Acr\u00edlico sobre tela. Dimens\u00f5es: 180cm x 130cm. [\/vc_column_text][\/vc_column][\/vc_row][vc_row][vc_column][\/vc_column][\/vc_row]<\/p>\n","protected":false},"author":1,"featured_media":0,"parent":0,"menu_order":0,"comment_status":"closed","ping_status":"closed","template":"","meta":{"footnotes":""},"class_list":["post-2398","page","type-page","status-publish","hentry","no-featured"],"_links":{"self":[{"href":"https:\/\/nashaculturaeslava.com\/nashacultura\/wp-json\/wp\/v2\/pages\/2398","targetHints":{"allow":["GET"]}}],"collection":[{"href":"https:\/\/nashaculturaeslava.com\/nashacultura\/wp-json\/wp\/v2\/pages"}],"about":[{"href":"https:\/\/nashaculturaeslava.com\/nashacultura\/wp-json\/wp\/v2\/types\/page"}],"author":[{"embeddable":true,"href":"https:\/\/nashaculturaeslava.com\/nashacultura\/wp-json\/wp\/v2\/users\/1"}],"replies":[{"embeddable":true,"href":"https:\/\/nashaculturaeslava.com\/nashacultura\/wp-json\/wp\/v2\/comments?post=2398"}],"version-history":[{"count":2,"href":"https:\/\/nashaculturaeslava.com\/nashacultura\/wp-json\/wp\/v2\/pages\/2398\/revisions"}],"predecessor-version":[{"id":2486,"href":"https:\/\/nashaculturaeslava.com\/nashacultura\/wp-json\/wp\/v2\/pages\/2398\/revisions\/2486"}],"wp:attachment":[{"href":"https:\/\/nashaculturaeslava.com\/nashacultura\/wp-json\/wp\/v2\/media?parent=2398"}],"curies":[{"name":"wp","href":"https:\/\/api.w.org\/{rel}","templated":true}]}}