{"id":2400,"date":"2024-06-20T15:31:52","date_gmt":"2024-06-20T18:31:52","guid":{"rendered":"https:\/\/nashaculturaeslava.com\/nashacultura\/?page_id=2400"},"modified":"2024-06-20T15:31:52","modified_gmt":"2024-06-20T18:31:52","slug":"%d0%b0%d0%bb%d1%85%d0%b8%d0%bc%d0%b8%d0%ba-o-alquimista-que-transforma-a-materia-em-sal","status":"publish","type":"page","link":"https:\/\/nashaculturaeslava.com\/nashacultura\/%d0%b0%d0%bb%d1%85%d0%b8%d0%bc%d0%b8%d0%ba-o-alquimista-que-transforma-a-materia-em-sal\/","title":{"rendered":"\u0410\u043b\u0445\u0438\u043c\u0438\u043a &#8211; O Alquimista que transforma a mat\u00e9ria em sal"},"content":{"rendered":"<section class=\"wpb-content-wrapper\">[vc_row][vc_column][vc_column_text]<a href=\"https:\/\/nashaculturaeslava.com\/nashacultura\/wp-content\/uploads\/2024\/06\/quadro_alquimia-scaled.jpg\"><img loading=\"lazy\" decoding=\"async\" class=\"aligncenter wp-image-2509\" src=\"https:\/\/nashaculturaeslava.com\/nashacultura\/wp-content\/uploads\/2024\/06\/quadro_alquimia-scaled.jpg\" alt=\"\" width=\"700\" height=\"499\" srcset=\"https:\/\/nashaculturaeslava.com\/nashacultura\/wp-content\/uploads\/2024\/06\/quadro_alquimia-scaled.jpg 2560w, https:\/\/nashaculturaeslava.com\/nashacultura\/wp-content\/uploads\/2024\/06\/quadro_alquimia-300x214.jpg 300w, https:\/\/nashaculturaeslava.com\/nashacultura\/wp-content\/uploads\/2024\/06\/quadro_alquimia-1024x731.jpg 1024w, https:\/\/nashaculturaeslava.com\/nashacultura\/wp-content\/uploads\/2024\/06\/quadro_alquimia-768x548.jpg 768w, https:\/\/nashaculturaeslava.com\/nashacultura\/wp-content\/uploads\/2024\/06\/quadro_alquimia-1536x1096.jpg 1536w, https:\/\/nashaculturaeslava.com\/nashacultura\/wp-content\/uploads\/2024\/06\/quadro_alquimia-2048x1461.jpg 2048w\" sizes=\"auto, (max-width: 700px) 100vw, 700px\" \/><\/a>[\/vc_column_text][\/vc_column][\/vc_row][vc_row][vc_column parallax=&#8221;content-moving&#8221; width=&#8221;1\/2&#8243;][vc_masonry_media_grid grid_id=&#8221;vc_gid:1718901971385-798796bf-0164-10&#8243; include=&#8221;2510,2511,2512,2513,2514,2515,2516&#8243;][\/vc_column][vc_column width=&#8221;1\/2&#8243;][vc_column_text]\n<h3>\u0410\u043b\u0445\u0438\u043c\u0438\u043a. O Alquimista que transforma a mat\u00e9ria em sal.<\/h3>\n<h4>T\u00e9cnica: Acr\u00edlico sobre tela.<\/h4>\n<h4>Dimens\u00f5es: 180cm x 130cm.<\/h4>\n[\/vc_column_text][\/vc_column][\/vc_row][vc_row][vc_column][\/vc_column][\/vc_row]\n<\/section>","protected":false},"excerpt":{"rendered":"<p>[vc_row][vc_column][vc_column_text][\/vc_column_text][\/vc_column][\/vc_row][vc_row][vc_column parallax=&#8221;content-moving&#8221; width=&#8221;1\/2&#8243;][vc_masonry_media_grid grid_id=&#8221;vc_gid:1718901971385-798796bf-0164-10&#8243; include=&#8221;2510,2511,2512,2513,2514,2515,2516&#8243;][\/vc_column][vc_column width=&#8221;1\/2&#8243;][vc_column_text] \u0410\u043b\u0445\u0438\u043c\u0438\u043a. O Alquimista que transforma a mat\u00e9ria em sal. T\u00e9cnica: Acr\u00edlico sobre tela. Dimens\u00f5es: 180cm x 130cm. [\/vc_column_text][\/vc_column][\/vc_row][vc_row][vc_column][\/vc_column][\/vc_row]<\/p>\n","protected":false},"author":1,"featured_media":0,"parent":0,"menu_order":0,"comment_status":"closed","ping_status":"closed","template":"","meta":{"footnotes":""},"class_list":["post-2400","page","type-page","status-publish","hentry","no-featured"],"_links":{"self":[{"href":"https:\/\/nashaculturaeslava.com\/nashacultura\/wp-json\/wp\/v2\/pages\/2400","targetHints":{"allow":["GET"]}}],"collection":[{"href":"https:\/\/nashaculturaeslava.com\/nashacultura\/wp-json\/wp\/v2\/pages"}],"about":[{"href":"https:\/\/nashaculturaeslava.com\/nashacultura\/wp-json\/wp\/v2\/types\/page"}],"author":[{"embeddable":true,"href":"https:\/\/nashaculturaeslava.com\/nashacultura\/wp-json\/wp\/v2\/users\/1"}],"replies":[{"embeddable":true,"href":"https:\/\/nashaculturaeslava.com\/nashacultura\/wp-json\/wp\/v2\/comments?post=2400"}],"version-history":[{"count":2,"href":"https:\/\/nashaculturaeslava.com\/nashacultura\/wp-json\/wp\/v2\/pages\/2400\/revisions"}],"predecessor-version":[{"id":2517,"href":"https:\/\/nashaculturaeslava.com\/nashacultura\/wp-json\/wp\/v2\/pages\/2400\/revisions\/2517"}],"wp:attachment":[{"href":"https:\/\/nashaculturaeslava.com\/nashacultura\/wp-json\/wp\/v2\/media?parent=2400"}],"curies":[{"name":"wp","href":"https:\/\/api.w.org\/{rel}","templated":true}]}}