{"id":2750,"date":"2024-08-30T12:52:53","date_gmt":"2024-08-30T15:52:53","guid":{"rendered":"https:\/\/nashaculturaeslava.com\/nashacultura\/?page_id=2750"},"modified":"2025-03-27T08:20:57","modified_gmt":"2025-03-27T11:20:57","slug":"pagamento_aulasemtrio","status":"publish","type":"page","link":"https:\/\/nashaculturaeslava.com\/nashacultura\/pagamento_aulasemtrio\/","title":{"rendered":"Pagamento &#8211; Aulas em trio"},"content":{"rendered":"<section class=\"wpb-content-wrapper\">[vc_row][vc_column][vc_empty_space]\t\t<div  class=\"noo-title \"  >\n\t\t\t<div class=\"center\">\n\t\t\t\t<h3 class=\"title\">AULAS EM TRIO \u2013 PRESENCIAL E ONLINE<\/h3>\t\t\t\t\t\t\t<\/div>\n\t\t\t\n\t\t<\/div>\n\t\t[\/vc_column][\/vc_row][vc_row padding_bottom=&#8221;50&#8243;][vc_column][vc_custom_heading text=&#8221;AULAS EM TRIO&#8221; font_container=&#8221;tag:h3|text_align:center&#8221; use_theme_fonts=&#8221;yes&#8221; css=&#8221;.vc_custom_1741395098721{padding-top: 15px !important;padding-bottom: 15px !important;background-color: #36d2f9 !important;}&#8221;][\/vc_column][vc_column]<div  class=\"noo-pricing-table classic three-col\" ><div id=\"noo-pricing-column-1\" class=\"noo-pricing-column\"  >\n  <div class=\"pricing-content\" >\n    <div class=\"pricing-header\" >\n      <h2 class=\"pricing-title\">PLANO AZ<br \/>\nPOSITIV (\u041f\u041b\u0410\u041d \u041f\u041e\u0417\u0418\u0422\u0418\u0412)<\/h2>\n    <span class=\"arrow\">&nbsp;<\/span>\n    <\/div>\n    <div class=\"pricing-price\" >\n    <h3 class=\"pricing-value\"><span class=\"noo-price\"><span class=\"amount\"><i class=\"currency\">R$<\/i>260,90<\/span><\/span> m\u00eas<\/h3>\n    <\/div>\n    <div class=\"pricing-info\">\n<ul  class=\"noo-ul-icon fa-ul\" >\n\n<li  class=\"noo-li-icon\" ><i class=\"fa-li fa fa fa-check\" ><\/i>2 aulas ao-vivo semanais<\/li>\n<li  class=\"noo-li-icon\" ><i class=\"fa-li fa fa fa-check\" ><\/i>Material did\u00e1tico f\u00edsico<\/li>\n<li  class=\"noo-li-icon\" ><i class=\"fa-li fa fa fa-check\" ><\/i>Premia\u00e7\u00f5es por trabalhos feitos at\u00e9 24 rublos escolares por m\u00eas<\/li>\n\n<\/ul>\n    <\/div>\n    <div class=\"pricing-footer\" >\n\n    <\/div>\n  <\/div>\n<\/div><div id=\"noo-pricing-column-2\" class=\"noo-pricing-column\"  >\n  <div class=\"pricing-content\" >\n    <div class=\"pricing-header\" >\n      <h2 class=\"pricing-title\">PLANO BUKA<br \/>\nREGULIARNY (\u041f\u041b\u0410\u041d \u0420\u0415\u0413\u0423\u041b\u042f\u0420\u041d\u042b\u0419)<\/h2>\n    <span class=\"arrow\">&nbsp;<\/span>\n    <\/div>\n    <div class=\"pricing-price\" >\n    <h3 class=\"pricing-value\"><span class=\"noo-price\"><span class=\"amount\"><i class=\"currency\">R$<\/i>379,07<\/span><\/span> m\u00eas<\/h3>\n    <\/div>\n    <div class=\"pricing-info\">\n<ul  class=\"noo-ul-icon fa-ul\" >\n\n<li  class=\"noo-li-icon\" ><i class=\"fa-li fa fa fa-check\" ><\/i>3 aulas ao-vivo semanais<\/li>\n<li  class=\"noo-li-icon\" ><i class=\"fa-li fa fa fa-check\" ><\/i>Material did\u00e1tico f\u00edsico<\/li>\n<li  class=\"noo-li-icon\" ><i class=\"fa-li fa fa fa-check\" ><\/i>Premia\u00e7\u00f5es por trabalhos feitos at\u00e9 36 rublos escolares por m\u00eas<\/li>\n\n<\/ul>\n    <\/div>\n    <div class=\"pricing-footer\" >\n\n    <\/div>\n  <\/div>\n<\/div><div id=\"noo-pricing-column-3\" class=\"noo-pricing-column\"  >\n  <div class=\"pricing-content\" >\n    <div class=\"pricing-header\" >\n      <h2 class=\"pricing-title\">PLANO VEDI EKSPRESS (\u041f\u041b\u0410\u041d \u042d\u041a\u0421\u041f\u0420\u0415\u0421\u0421)<\/h2>\n    <span class=\"arrow\">&nbsp;<\/span>\n    <\/div>\n    <div class=\"pricing-price\" >\n    <h3 class=\"pricing-value\"><span class=\"noo-price\"><span class=\"amount\"><i class=\"currency\">R$<\/i>521,18<\/span><\/span> m\u00eas<\/h3>\n    <\/div>\n    <div class=\"pricing-info\">\n<ul  class=\"noo-ul-icon fa-ul\" >\n\n<li  class=\"noo-li-icon\" ><i class=\"fa-li fa fa fa-check\" ><\/i>4 aulas ao-vivo semanais<\/li>\n<li  class=\"noo-li-icon\" ><i class=\"fa-li fa fa fa-check\" ><\/i>Material did\u00e1tico f\u00edsico<\/li>\n<li  class=\"noo-li-icon\" ><i class=\"fa-li fa fa fa-check\" ><\/i>Premia\u00e7\u00f5es por trabalhos feitos at\u00e9 48 rublos escolares por m\u00eas<\/li>\n\n<\/ul>\n    <\/div>\n    <div class=\"pricing-footer\" >\n\n    <\/div>\n  <\/div>\n<\/div><\/div>[\/vc_column][\/vc_row][vc_row][vc_column][vc_empty_space height=&#8221;90px&#8221;][vc_column_text]\n<p style=\"text-align: right;\"><a href=\"https:\/\/nashaculturaeslava.com\/nashacultura\/painel-nivel-1\/\"><img loading=\"lazy\" decoding=\"async\" class=\"alignnone size-full wp-image-1446\" src=\"https:\/\/nashaculturaeslava.com\/nashacultura\/wp-content\/uploads\/2023\/07\/voltar-1.png\" alt=\"\" width=\"152\" height=\"35\" srcset=\"https:\/\/nashaculturaeslava.com\/nashacultura\/wp-content\/uploads\/2023\/07\/voltar-1.png 152w, https:\/\/nashaculturaeslava.com\/nashacultura\/wp-content\/uploads\/2023\/07\/voltar-1-150x35.png 150w\" sizes=\"auto, (max-width: 152px) 100vw, 152px\" \/><\/a><\/p>\n[\/vc_column_text][vc_empty_space height=&#8221;90px&#8221;][\/vc_column][\/vc_row]\n<\/section>","protected":false},"excerpt":{"rendered":"<p>[vc_row][vc_column][vc_empty_space][\/vc_column][\/vc_row][vc_row padding_bottom=&#8221;50&#8243;][vc_column][vc_custom_heading text=&#8221;AULAS EM TRIO&#8221; font_container=&#8221;tag:h3|text_align:center&#8221; use_theme_fonts=&#8221;yes&#8221; css=&#8221;.vc_custom_1741395098721{padding-top: 15px !important;padding-bottom: 15px !important;background-color: #36d2f9 !important;}&#8221;][\/vc_column][vc_column][\/vc_column][\/vc_row][vc_row][vc_column][vc_empty_space height=&#8221;90px&#8221;][vc_column_text] [\/vc_column_text][vc_empty_space height=&#8221;90px&#8221;][\/vc_column][\/vc_row]<\/p>\n","protected":false},"author":1,"featured_media":0,"parent":0,"menu_order":0,"comment_status":"closed","ping_status":"closed","template":"","meta":{"footnotes":""},"class_list":["post-2750","page","type-page","status-publish","hentry","no-featured"],"_links":{"self":[{"href":"https:\/\/nashaculturaeslava.com\/nashacultura\/wp-json\/wp\/v2\/pages\/2750","targetHints":{"allow":["GET"]}}],"collection":[{"href":"https:\/\/nashaculturaeslava.com\/nashacultura\/wp-json\/wp\/v2\/pages"}],"about":[{"href":"https:\/\/nashaculturaeslava.com\/nashacultura\/wp-json\/wp\/v2\/types\/page"}],"author":[{"embeddable":true,"href":"https:\/\/nashaculturaeslava.com\/nashacultura\/wp-json\/wp\/v2\/users\/1"}],"replies":[{"embeddable":true,"href":"https:\/\/nashaculturaeslava.com\/nashacultura\/wp-json\/wp\/v2\/comments?post=2750"}],"version-history":[{"count":3,"href":"https:\/\/nashaculturaeslava.com\/nashacultura\/wp-json\/wp\/v2\/pages\/2750\/revisions"}],"predecessor-version":[{"id":2842,"href":"https:\/\/nashaculturaeslava.com\/nashacultura\/wp-json\/wp\/v2\/pages\/2750\/revisions\/2842"}],"wp:attachment":[{"href":"https:\/\/nashaculturaeslava.com\/nashacultura\/wp-json\/wp\/v2\/media?parent=2750"}],"curies":[{"name":"wp","href":"https:\/\/api.w.org\/{rel}","templated":true}]}}